{"id":911,"date":"2023-02-12T12:06:15","date_gmt":"2023-02-12T04:06:15","guid":{"rendered":"https:\/\/www.hcmedevice.com\/?page_id=911"},"modified":"2023-02-12T12:08:06","modified_gmt":"2023-02-12T04:08:06","slug":"faq","status":"publish","type":"page","link":"https:\/\/www.hcmedevice.com\/fr\/faq\/","title":{"rendered":"FAQ"},"content":{"rendered":"<div data-elementor-type=\"wp-page\" data-elementor-id=\"911\" class=\"elementor elementor-911\" data-elementor-post-type=\"page\">\n\t\t\t\t\t\t<section class=\"elementor-section elementor-top-section elementor-element elementor-element-407c6c1 elementor-section-boxed elementor-section-height-default elementor-section-height-default\" data-id=\"407c6c1\" data-element_type=\"section\">\n\t\t\t\t\t\t<div class=\"elementor-container elementor-column-gap-default\">\n\t\t\t\t\t<div class=\"elementor-column elementor-col-100 elementor-top-column elementor-element elementor-element-519a700\" data-id=\"519a700\" data-element_type=\"column\">\n\t\t\t<div class=\"elementor-widget-wrap elementor-element-populated\">\n\t\t\t\t\t\t<div class=\"elementor-element elementor-element-5f05491 elementor-widget elementor-widget-heading\" data-id=\"5f05491\" data-element_type=\"widget\" data-widget_type=\"heading.default\">\n\t\t\t\t<div class=\"elementor-widget-container\">\n\t\t\t<style>\/*! elementor - v3.23.0 - 25-07-2024 *\/\n.elementor-heading-title{padding:0;margin:0;line-height:1}.elementor-widget-heading .elementor-heading-title[class*=elementor-size-]>a{color:inherit;font-size:inherit;line-height:inherit}.elementor-widget-heading .elementor-heading-title.elementor-size-small{font-size:15px}.elementor-widget-heading .elementor-heading-title.elementor-size-medium{font-size:19px}.elementor-widget-heading .elementor-heading-title.elementor-size-large{font-size:29px}.elementor-widget-heading .elementor-heading-title.elementor-size-xl{font-size:39px}.elementor-widget-heading .elementor-heading-title.elementor-size-xxl{font-size:59px}<\/style><h1 class=\"elementor-heading-title elementor-size-default\">FAQ<\/h1>\t\t<\/div>\n\t\t\t\t<\/div>\n\t\t\t\t\t<\/div>\n\t\t<\/div>\n\t\t\t\t\t<\/div>\n\t\t<\/section>\n\t\t\t\t<section class=\"elementor-section elementor-top-section elementor-element elementor-element-dc83af3 elementor-section-boxed elementor-section-height-default elementor-section-height-default\" data-id=\"dc83af3\" data-element_type=\"section\">\n\t\t\t\t\t\t<div class=\"elementor-container elementor-column-gap-default\">\n\t\t\t\t\t<div class=\"elementor-column elementor-col-100 elementor-top-column elementor-element elementor-element-b8b6827\" data-id=\"b8b6827\" data-element_type=\"column\">\n\t\t\t<div class=\"elementor-widget-wrap elementor-element-populated\">\n\t\t\t\t\t\t<div class=\"elementor-element elementor-element-6f27c56 elementor-widget elementor-widget-elementskit-faq\" data-id=\"6f27c56\" data-element_type=\"widget\" data-widget_type=\"elementskit-faq.default\">\n\t\t\t\t<div class=\"elementor-widget-container\">\n\t\t\t<div class=\"ekit-wid-con\" >\n                <div class=\"elementskit-single-faq elementor-repeater-item-d22ddcb\">\n            <div class=\"elementskit-faq-header\">\n                <h2 class=\"elementskit-faq-title\">1. \u00c0 quels d\u00e9partements les produits peuvent-ils \u00eatre appliqu\u00e9s ?<\/h2>\n            <\/div>\n            <div class=\"elementskit-faq-body\">\n                Pour BI-FIX, il peut \u00eatre appliqu\u00e9 pour toutes les incisions de type I en orthop\u00e9die, gyn\u00e9cologie et obst\u00e9trique, p\u00e9diatrie et toutes les autres chirurgies g\u00e9n\u00e9rales. Quant \u00e0 LOOPIX, il peut \u00eatre appliqu\u00e9 pour toutes les fixations de drains non vasculaires.            <\/div>\n        <\/div>\n                <div class=\"elementskit-single-faq elementor-repeater-item-fad4a37\">\n            <div class=\"elementskit-faq-header\">\n                <h2 class=\"elementskit-faq-title\">2. Combien de temps les produits peuvent-ils coller \u00e0 la peau ?<\/h2>\n            <\/div>\n            <div class=\"elementskit-faq-body\">\n                Pour BI-FIX, il peut coller \u00e0 la peau jusqu&#039;\u00e0 14 jours. Et normalement, le processus de gu\u00e9rison prend 7 \u00e0 14 jours. Pour LOOPIX, il peut rester efficace jusqu&#039;\u00e0 7 jours. Habituellement, le processus de vidange prend environ 3 \u00e0 5 jours.            <\/div>\n        <\/div>\n                <div class=\"elementskit-single-faq elementor-repeater-item-0dde0b9\">\n            <div class=\"elementskit-faq-header\">\n                <h2 class=\"elementskit-faq-title\">3. Une suture sous-cutan\u00e9e est-elle n\u00e9cessaire lors de l&#039;application de BI-FIX ?<\/h2>\n            <\/div>\n            <div class=\"elementskit-faq-body\">\n                Oui, nous devons d&#039;abord fermer le tissu sous-cutan\u00e9 en suturant. BI-FIX est uniquement con\u00e7u pour r\u00e9aliser la fermeture \u00e9pidermique.            <\/div>\n        <\/div>\n                <div class=\"elementskit-single-faq elementor-repeater-item-2270e3a\">\n            <div class=\"elementskit-faq-header\">\n                <h2 class=\"elementskit-faq-title\">4. Le BI-FIX peut-il \u00eatre appliqu\u00e9 pour une incision irr\u00e9guli\u00e8re et plus longue\/plus courte ?<\/h2>\n            <\/div>\n            <div class=\"elementskit-faq-body\">\n                Oui. Toutes les tailles peuvent \u00eatre coup\u00e9es ou combin\u00e9es pour une application pour fermer une courbe ou une certaine longueur de l&#039;incision.            <\/div>\n        <\/div>\n                <div class=\"elementskit-single-faq elementor-repeater-item-7faec8a\">\n            <div class=\"elementskit-faq-header\">\n                <h2 class=\"elementskit-faq-title\">5. Les deux produits (BI-FIX et LOOPIX) peuvent-ils \u00eatre retir\u00e9s par le patient lui-m\u00eame ?<\/h2>\n            <\/div>\n            <div class=\"elementskit-faq-body\">\n                Les deux produits peuvent \u00eatre retir\u00e9s par le patient \u00e0 domicile avec l&#039;autorisation\/les conseils du m\u00e9decin sans retourner \u00e0 l&#039;h\u00f4pital.            <\/div>\n        <\/div>\n                <div class=\"elementskit-single-faq elementor-repeater-item-afffa5e\">\n            <div class=\"elementskit-faq-header\">\n                <h2 class=\"elementskit-faq-title\">6. Les deux produits sont-ils r\u00e9cup\u00e9rables\/r\u00e9glables ?<\/h2>\n            <\/div>\n            <div class=\"elementskit-faq-body\">\n                Oui, les deux produits peuvent \u00eatre r\u00e9ajust\u00e9s s&#039;il y a une n\u00e9cessit\u00e9 consid\u00e9r\u00e9e par le m\u00e9decin.            <\/div>\n        <\/div>\n                <div class=\"elementskit-single-faq elementor-repeater-item-6674b76\">\n            <div class=\"elementskit-faq-header\">\n                <h2 class=\"elementskit-faq-title\">7. Comment garantir la qualit\u00e9 de votre produit ?<\/h2>\n            <\/div>\n            <div class=\"elementskit-faq-body\">\n                Nos produits sont tous certifi\u00e9s CE et obtiennent les normes ISO13485 et ISO9001. Nous avons \u00e9galement mis en place une politique de retour pour garantir cela.            <\/div>\n        <\/div>\n                <div class=\"elementskit-single-faq elementor-repeater-item-0a09278\">\n            <div class=\"elementskit-faq-header\">\n                <h2 class=\"elementskit-faq-title\">8. Quels sont vos produits&amp;#039\u00a0; m\u00e9thode d&#039;emballage?<\/h2>\n            <\/div>\n            <div class=\"elementskit-faq-body\">\n                Nous utilisons le double sac en plastique dans le cadre de la m\u00e9thode standard de st\u00e9rilisation par irradiation aux rayons \u03b3 pour l&#039;emballage int\u00e9rieur. Ensuite, tous les produits sont emball\u00e9s dans une bo\u00eete en carton de taille moyenne et une bo\u00eete ext\u00e9rieure standard.            <\/div>\n        <\/div>\n        \n    <\/div>\t\t<\/div>\n\t\t\t\t<\/div>\n\t\t\t\t\t<\/div>\n\t\t<\/div>\n\t\t\t\t\t<\/div>\n\t\t<\/section>\n\t\t\t\t<section class=\"elementor-section elementor-top-section elementor-element elementor-element-136465d elementor-section-boxed elementor-section-height-default elementor-section-height-default\" data-id=\"136465d\" data-element_type=\"section\">\n\t\t\t\t\t\t<div class=\"elementor-container elementor-column-gap-default\">\n\t\t\t\t\t<div class=\"elementor-column elementor-col-50 elementor-top-column elementor-element elementor-element-1c7203c\" data-id=\"1c7203c\" data-element_type=\"column\">\n\t\t\t<div class=\"elementor-widget-wrap elementor-element-populated\">\n\t\t\t\t\t\t<div class=\"elementor-element elementor-element-38b9786 elementor-widget elementor-widget-heading\" data-id=\"38b9786\" data-element_type=\"widget\" data-widget_type=\"heading.default\">\n\t\t\t\t<div class=\"elementor-widget-container\">\n\t\t\t<h2 class=\"elementor-heading-title elementor-size-default\">Distribution<\/h2>\t\t<\/div>\n\t\t\t\t<\/div>\n\t\t\t\t<div class=\"elementor-element elementor-element-575ba2e elementor-widget elementor-widget-text-editor\" data-id=\"575ba2e\" data-element_type=\"widget\" data-widget_type=\"text-editor.default\">\n\t\t\t\t<div class=\"elementor-widget-container\">\n\t\t\t<style>\/*! elementor - v3.23.0 - 25-07-2024 *\/\n.elementor-widget-text-editor.elementor-drop-cap-view-stacked .elementor-drop-cap{background-color:#69727d;color:#fff}.elementor-widget-text-editor.elementor-drop-cap-view-framed .elementor-drop-cap{color:#69727d;border:3px solid;background-color:transparent}.elementor-widget-text-editor:not(.elementor-drop-cap-view-default) .elementor-drop-cap{margin-top:8px}.elementor-widget-text-editor:not(.elementor-drop-cap-view-default) .elementor-drop-cap-letter{width:1em;height:1em}.elementor-widget-text-editor .elementor-drop-cap{float:left;text-align:center;line-height:1;font-size:50px}.elementor-widget-text-editor .elementor-drop-cap-letter{display:inline-block}<\/style>\t\t\t\t<p>Nous recherchons des partenaires comme nos distributeurs agr\u00e9\u00e9s sur les march\u00e9s mondiaux. Nous ch\u00e9rissons chaque partenaire, qu&#039;il soit existant ou potentiel, et sommes pr\u00eats \u00e0 grandir ensemble.<\/p><p>\u00a0<\/p>\t\t\t\t\t\t<\/div>\n\t\t\t\t<\/div>\n\t\t\t\t<div class=\"elementor-element elementor-element-0149d0d elementor-widget elementor-widget-heading\" data-id=\"0149d0d\" data-element_type=\"widget\" data-widget_type=\"heading.default\">\n\t\t\t\t<div class=\"elementor-widget-container\">\n\t\t\t<p class=\"elementor-heading-title elementor-size-default\">Vous souhaitez devenir notre distributeur ? Contactez-nous pour conna\u00eetre les d\u00e9tails.<\/p>\t\t<\/div>\n\t\t\t\t<\/div>\n\t\t\t\t<div class=\"elementor-element elementor-element-e967597 elementor-mobile-align-center elementor-widget elementor-widget-button\" data-id=\"e967597\" data-element_type=\"widget\" data-widget_type=\"button.default\">\n\t\t\t\t<div class=\"elementor-widget-container\">\n\t\t\t\t\t<div class=\"elementor-button-wrapper\">\n\t\t\t<a class=\"elementor-button elementor-button-link elementor-size-sm\" href=\"https:\/\/www.hcmedevice.com\/fr\/contactez-nous\/\">\n\t\t\t\t\t\t<span class=\"elementor-button-content-wrapper\">\n\t\t\t\t\t\t\t\t\t<span class=\"elementor-button-text\">Contactez-nous pour plus de d\u00e9tails<\/span>\n\t\t\t\t\t<\/span>\n\t\t\t\t\t<\/a>\n\t\t<\/div>\n\t\t\t\t<\/div>\n\t\t\t\t<\/div>\n\t\t\t\t\t<\/div>\n\t\t<\/div>\n\t\t\t\t<div class=\"elementor-column elementor-col-50 elementor-top-column elementor-element elementor-element-95d5c8f\" data-id=\"95d5c8f\" data-element_type=\"column\">\n\t\t\t<div class=\"elementor-widget-wrap elementor-element-populated\">\n\t\t\t\t\t\t<div class=\"elementor-element elementor-element-b4091d9 elementor-widget elementor-widget-image\" data-id=\"b4091d9\" data-element_type=\"widget\" data-widget_type=\"image.default\">\n\t\t\t\t<div class=\"elementor-widget-container\">\n\t\t\t<style>\/*! elementor - v3.23.0 - 25-07-2024 *\/\n.elementor-widget-image{text-align:center}.elementor-widget-image a{display:inline-block}.elementor-widget-image a img[src$=\".svg\"]{width:48px}.elementor-widget-image img{vertical-align:middle;display:inline-block}<\/style>\t\t\t\t\t\t\t\t\t\t<img fetchpriority=\"high\" decoding=\"async\" width=\"844\" height=\"461\" src=\"https:\/\/www.hcmedevice.com\/wp-content\/uploads\/2022\/12\/World-map.png\" class=\"attachment-large size-large wp-image-99\" alt=\"\" srcset=\"https:\/\/www.hcmedevice.com\/wp-content\/uploads\/2022\/12\/World-map.png 844w, https:\/\/www.hcmedevice.com\/wp-content\/uploads\/2022\/12\/World-map-300x164.png 300w, https:\/\/www.hcmedevice.com\/wp-content\/uploads\/2022\/12\/World-map-768x419.png 768w\" sizes=\"(max-width: 844px) 100vw, 844px\" \/>\t\t\t\t\t\t\t\t\t\t\t\t\t<\/div>\n\t\t\t\t<\/div>\n\t\t\t\t\t<\/div>\n\t\t<\/div>\n\t\t\t\t\t<\/div>\n\t\t<\/section>\n\t\t\t\t<\/div>","protected":false},"excerpt":{"rendered":"<p>FAQ 1. What departments can the products be applied to? For BI-FIX, it can be applied for all type I incisions in orthopedics, gynecology and obstetrics, pediatrics, and all other general surgeries. As for LOOPIX, it can be applied for all non-vascular drainage tube fixation. 2. How long can the products stick to the skin? [&hellip;]<\/p>","protected":false},"author":1,"featured_media":0,"parent":0,"menu_order":0,"comment_status":"closed","ping_status":"closed","template":"","meta":{"om_disable_all_campaigns":false,"_monsterinsights_skip_tracking":false,"_monsterinsights_sitenote_active":false,"_monsterinsights_sitenote_note":"","_monsterinsights_sitenote_category":0,"footnotes":""},"class_list":["post-911","page","type-page","status-publish","hentry"],"blocksy_meta":{"styles_descriptor":{"styles":{"desktop":"","tablet":"","mobile":""},"google_fonts":[],"version":6}},"yoast_head":"<!-- This site is optimized with the Yoast SEO plugin v27.5 - https:\/\/yoast.com\/product\/yoast-seo-wordpress\/ -->\n<title>FAQ - Haichuang Medical<\/title>\n<meta name=\"robots\" content=\"index, follow, max-snippet:-1, max-image-preview:large, max-video-preview:-1\" \/>\n<link rel=\"canonical\" href=\"https:\/\/www.hcmedevice.com\/fr\/faq\/\" \/>\n<meta property=\"og:locale\" content=\"fr_FR\" \/>\n<meta property=\"og:type\" content=\"article\" \/>\n<meta property=\"og:title\" content=\"FAQ - Haichuang Medical\" \/>\n<meta property=\"og:description\" content=\"FAQ 1. What departments can the products be applied to? For BI-FIX, it can be applied for all type I incisions in orthopedics, gynecology and obstetrics, pediatrics, and all other general surgeries. As for LOOPIX, it can be applied for all non-vascular drainage tube fixation. 2. How long can the products stick to the skin? [&hellip;]\" \/>\n<meta property=\"og:url\" content=\"https:\/\/www.hcmedevice.com\/fr\/faq\/\" \/>\n<meta property=\"og:site_name\" content=\"Haichuang Medical\" \/>\n<meta property=\"article:modified_time\" content=\"2023-02-12T04:08:06+00:00\" \/>\n<meta property=\"og:image\" content=\"https:\/\/www.hcmedevice.com\/wp-content\/uploads\/2022\/12\/World-map.png\" \/>\n<meta name=\"twitter:card\" content=\"summary_large_image\" \/>\n<meta name=\"twitter:label1\" content=\"Dur\u00e9e de lecture estim\u00e9e\" \/>\n\t<meta name=\"twitter:data1\" content=\"2 minutes\" \/>\n<script type=\"application\/ld+json\" class=\"yoast-schema-graph\">{\"@context\":\"https:\\\/\\\/schema.org\",\"@graph\":[{\"@type\":\"WebPage\",\"@id\":\"https:\\\/\\\/www.hcmedevice.com\\\/faq\\\/\",\"url\":\"https:\\\/\\\/www.hcmedevice.com\\\/faq\\\/\",\"name\":\"FAQ - Haichuang Medical\",\"isPartOf\":{\"@id\":\"https:\\\/\\\/www.hcmedevice.com\\\/#website\"},\"primaryImageOfPage\":{\"@id\":\"https:\\\/\\\/www.hcmedevice.com\\\/faq\\\/#primaryimage\"},\"image\":{\"@id\":\"https:\\\/\\\/www.hcmedevice.com\\\/faq\\\/#primaryimage\"},\"thumbnailUrl\":\"https:\\\/\\\/www.hcmedevice.com\\\/wp-content\\\/uploads\\\/2022\\\/12\\\/World-map.png\",\"datePublished\":\"2023-02-12T04:06:15+00:00\",\"dateModified\":\"2023-02-12T04:08:06+00:00\",\"breadcrumb\":{\"@id\":\"https:\\\/\\\/www.hcmedevice.com\\\/faq\\\/#breadcrumb\"},\"inLanguage\":\"fr-FR\",\"potentialAction\":[{\"@type\":\"ReadAction\",\"target\":[\"https:\\\/\\\/www.hcmedevice.com\\\/faq\\\/\"]}]},{\"@type\":\"ImageObject\",\"inLanguage\":\"fr-FR\",\"@id\":\"https:\\\/\\\/www.hcmedevice.com\\\/faq\\\/#primaryimage\",\"url\":\"https:\\\/\\\/www.hcmedevice.com\\\/wp-content\\\/uploads\\\/2022\\\/12\\\/World-map.png\",\"contentUrl\":\"https:\\\/\\\/www.hcmedevice.com\\\/wp-content\\\/uploads\\\/2022\\\/12\\\/World-map.png\"},{\"@type\":\"BreadcrumbList\",\"@id\":\"https:\\\/\\\/www.hcmedevice.com\\\/faq\\\/#breadcrumb\",\"itemListElement\":[{\"@type\":\"ListItem\",\"position\":1,\"name\":\"Home\",\"item\":\"https:\\\/\\\/www.hcmedevice.com\\\/\"},{\"@type\":\"ListItem\",\"position\":2,\"name\":\"FAQ\"}]},{\"@type\":\"WebSite\",\"@id\":\"https:\\\/\\\/www.hcmedevice.com\\\/#website\",\"url\":\"https:\\\/\\\/www.hcmedevice.com\\\/\",\"name\":\"Haichuang Medical\",\"description\":\"Innovation Defines Life\",\"publisher\":{\"@id\":\"https:\\\/\\\/www.hcmedevice.com\\\/#organization\"},\"potentialAction\":[{\"@type\":\"SearchAction\",\"target\":{\"@type\":\"EntryPoint\",\"urlTemplate\":\"https:\\\/\\\/www.hcmedevice.com\\\/?s={search_term_string}\"},\"query-input\":{\"@type\":\"PropertyValueSpecification\",\"valueRequired\":true,\"valueName\":\"search_term_string\"}}],\"inLanguage\":\"fr-FR\"},{\"@type\":\"Organization\",\"@id\":\"https:\\\/\\\/www.hcmedevice.com\\\/#organization\",\"name\":\"Haichuang Medical\",\"url\":\"https:\\\/\\\/www.hcmedevice.com\\\/\",\"logo\":{\"@type\":\"ImageObject\",\"inLanguage\":\"fr-FR\",\"@id\":\"https:\\\/\\\/www.hcmedevice.com\\\/#\\\/schema\\\/logo\\\/image\\\/\",\"url\":\"https:\\\/\\\/www.hcmedevice.com\\\/wp-content\\\/uploads\\\/2024\\\/10\\\/Haichuang-Logo.png\",\"contentUrl\":\"https:\\\/\\\/www.hcmedevice.com\\\/wp-content\\\/uploads\\\/2024\\\/10\\\/Haichuang-Logo.png\",\"width\":800,\"height\":164,\"caption\":\"Haichuang Medical\"},\"image\":{\"@id\":\"https:\\\/\\\/www.hcmedevice.com\\\/#\\\/schema\\\/logo\\\/image\\\/\"}}]}<\/script>\n<!-- \/ Yoast SEO plugin. -->","yoast_head_json":{"title":"FAQ - Haichuang Medical","robots":{"index":"index","follow":"follow","max-snippet":"max-snippet:-1","max-image-preview":"max-image-preview:large","max-video-preview":"max-video-preview:-1"},"canonical":"https:\/\/www.hcmedevice.com\/fr\/faq\/","og_locale":"fr_FR","og_type":"article","og_title":"FAQ - Haichuang Medical","og_description":"FAQ 1. What departments can the products be applied to? For BI-FIX, it can be applied for all type I incisions in orthopedics, gynecology and obstetrics, pediatrics, and all other general surgeries. As for LOOPIX, it can be applied for all non-vascular drainage tube fixation. 2. How long can the products stick to the skin? [&hellip;]","og_url":"https:\/\/www.hcmedevice.com\/fr\/faq\/","og_site_name":"Haichuang Medical","article_modified_time":"2023-02-12T04:08:06+00:00","og_image":[{"url":"https:\/\/www.hcmedevice.com\/wp-content\/uploads\/2022\/12\/World-map.png","type":"","width":"","height":""}],"twitter_card":"summary_large_image","twitter_misc":{"Dur\u00e9e de lecture estim\u00e9e":"2 minutes"},"schema":{"@context":"https:\/\/schema.org","@graph":[{"@type":"WebPage","@id":"https:\/\/www.hcmedevice.com\/faq\/","url":"https:\/\/www.hcmedevice.com\/faq\/","name":"FAQ - Haichuang Medical","isPartOf":{"@id":"https:\/\/www.hcmedevice.com\/#website"},"primaryImageOfPage":{"@id":"https:\/\/www.hcmedevice.com\/faq\/#primaryimage"},"image":{"@id":"https:\/\/www.hcmedevice.com\/faq\/#primaryimage"},"thumbnailUrl":"https:\/\/www.hcmedevice.com\/wp-content\/uploads\/2022\/12\/World-map.png","datePublished":"2023-02-12T04:06:15+00:00","dateModified":"2023-02-12T04:08:06+00:00","breadcrumb":{"@id":"https:\/\/www.hcmedevice.com\/faq\/#breadcrumb"},"inLanguage":"fr-FR","potentialAction":[{"@type":"ReadAction","target":["https:\/\/www.hcmedevice.com\/faq\/"]}]},{"@type":"ImageObject","inLanguage":"fr-FR","@id":"https:\/\/www.hcmedevice.com\/faq\/#primaryimage","url":"https:\/\/www.hcmedevice.com\/wp-content\/uploads\/2022\/12\/World-map.png","contentUrl":"https:\/\/www.hcmedevice.com\/wp-content\/uploads\/2022\/12\/World-map.png"},{"@type":"BreadcrumbList","@id":"https:\/\/www.hcmedevice.com\/faq\/#breadcrumb","itemListElement":[{"@type":"ListItem","position":1,"name":"Home","item":"https:\/\/www.hcmedevice.com\/"},{"@type":"ListItem","position":2,"name":"FAQ"}]},{"@type":"WebSite","@id":"https:\/\/www.hcmedevice.com\/#website","url":"https:\/\/www.hcmedevice.com\/","name":"Haichuang Medical","description":"Innovation Defines Life","publisher":{"@id":"https:\/\/www.hcmedevice.com\/#organization"},"potentialAction":[{"@type":"SearchAction","target":{"@type":"EntryPoint","urlTemplate":"https:\/\/www.hcmedevice.com\/?s={search_term_string}"},"query-input":{"@type":"PropertyValueSpecification","valueRequired":true,"valueName":"search_term_string"}}],"inLanguage":"fr-FR"},{"@type":"Organization","@id":"https:\/\/www.hcmedevice.com\/#organization","name":"Haichuang Medical","url":"https:\/\/www.hcmedevice.com\/","logo":{"@type":"ImageObject","inLanguage":"fr-FR","@id":"https:\/\/www.hcmedevice.com\/#\/schema\/logo\/image\/","url":"https:\/\/www.hcmedevice.com\/wp-content\/uploads\/2024\/10\/Haichuang-Logo.png","contentUrl":"https:\/\/www.hcmedevice.com\/wp-content\/uploads\/2024\/10\/Haichuang-Logo.png","width":800,"height":164,"caption":"Haichuang Medical"},"image":{"@id":"https:\/\/www.hcmedevice.com\/#\/schema\/logo\/image\/"}}]}},"_links":{"self":[{"href":"https:\/\/www.hcmedevice.com\/fr\/wp-json\/wp\/v2\/pages\/911","targetHints":{"allow":["GET"]}}],"collection":[{"href":"https:\/\/www.hcmedevice.com\/fr\/wp-json\/wp\/v2\/pages"}],"about":[{"href":"https:\/\/www.hcmedevice.com\/fr\/wp-json\/wp\/v2\/types\/page"}],"author":[{"embeddable":true,"href":"https:\/\/www.hcmedevice.com\/fr\/wp-json\/wp\/v2\/users\/1"}],"replies":[{"embeddable":true,"href":"https:\/\/www.hcmedevice.com\/fr\/wp-json\/wp\/v2\/comments?post=911"}],"version-history":[{"count":10,"href":"https:\/\/www.hcmedevice.com\/fr\/wp-json\/wp\/v2\/pages\/911\/revisions"}],"predecessor-version":[{"id":922,"href":"https:\/\/www.hcmedevice.com\/fr\/wp-json\/wp\/v2\/pages\/911\/revisions\/922"}],"wp:attachment":[{"href":"https:\/\/www.hcmedevice.com\/fr\/wp-json\/wp\/v2\/media?parent=911"}],"curies":[{"name":"wp","href":"https:\/\/api.w.org\/{rel}","templated":true}]}}